{"id":21,"date":"2016-10-18T16:02:01","date_gmt":"2016-10-18T16:02:01","guid":{"rendered":"http:\/\/www.wtc-straubing.de\/?page_id=21"},"modified":"2022-10-23T07:31:48","modified_gmt":"2022-10-23T07:31:48","slug":"ansprechpartner","status":"publish","type":"page","link":"https:\/\/www.wtc-straubing.de\/?page_id=21","title":{"rendered":"Ansprechpartner"},"content":{"rendered":"<p><span style=\"color: #ff0000;\"><span style=\"color: #ff0000;\"><img decoding=\"async\" loading=\"lazy\" class=\"size-full wp-image-99 aligncenter\" src=\"http:\/\/www.wtc-straubing.de\/wp-content\/uploads\/2017\/02\/WTC-Logo.jpg\" alt=\"\" width=\"212\" height=\"212\" srcset=\"https:\/\/www.wtc-straubing.de\/wp-content\/uploads\/2017\/02\/WTC-Logo.jpg 212w, https:\/\/www.wtc-straubing.de\/wp-content\/uploads\/2017\/02\/WTC-Logo-150x150.jpg 150w\" sizes=\"(max-width: 212px) 100vw, 212px\" \/><\/span><strong>Vorstandschaft:<\/strong><\/span><\/p>\n<p>Karlheinz Lorenz<br \/>\n<em>email: 1.vorstand@wtc-straubing.de<\/em><\/p>\n<p>Matthias Lorenz<\/p>\n<p>Martin Ehrenschwender<\/p>\n<p><em>Postanschrift:<\/em><br \/>\nWTC Straubing 1972 e.V.<br \/>\nFeldme\u00dfstr. 9<br \/>\n93099 M\u00f6tzing<\/p>\n<p><strong><span style=\"color: #ff0000;\">Sportleiter:<\/span><\/strong><\/p>\n<p>Manfred Biederer<\/p>\n<p><strong><span style=\"color: #ff0000;\">Schriftf\u00fchrer &amp; Kassier:<\/span><\/strong><\/p>\n<p>Manfred Kammermeier<\/p>\n","protected":false},"excerpt":{"rendered":"<p>Vorstandschaft: Karlheinz Lorenz email: 1.vorstand@wtc-straubing.de Matthias Lorenz Martin Ehrenschwender Postanschrift: WTC Straubing 1972 e.V. Feldme\u00dfstr. 9 93099 M\u00f6tzing Sportleiter: Manfred Biederer Schriftf\u00fchrer &amp; Kassier: Manfred Kammermeier<\/p>\n","protected":false},"author":1,"featured_media":25,"parent":0,"menu_order":0,"comment_status":"closed","ping_status":"closed","template":"","meta":[],"_links":{"self":[{"href":"https:\/\/www.wtc-straubing.de\/index.php?rest_route=\/wp\/v2\/pages\/21"}],"collection":[{"href":"https:\/\/www.wtc-straubing.de\/index.php?rest_route=\/wp\/v2\/pages"}],"about":[{"href":"https:\/\/www.wtc-straubing.de\/index.php?rest_route=\/wp\/v2\/types\/page"}],"author":[{"embeddable":true,"href":"https:\/\/www.wtc-straubing.de\/index.php?rest_route=\/wp\/v2\/users\/1"}],"replies":[{"embeddable":true,"href":"https:\/\/www.wtc-straubing.de\/index.php?rest_route=%2Fwp%2Fv2%2Fcomments&post=21"}],"version-history":[{"count":9,"href":"https:\/\/www.wtc-straubing.de\/index.php?rest_route=\/wp\/v2\/pages\/21\/revisions"}],"predecessor-version":[{"id":373,"href":"https:\/\/www.wtc-straubing.de\/index.php?rest_route=\/wp\/v2\/pages\/21\/revisions\/373"}],"wp:featuredmedia":[{"embeddable":true,"href":"https:\/\/www.wtc-straubing.de\/index.php?rest_route=\/wp\/v2\/media\/25"}],"wp:attachment":[{"href":"https:\/\/www.wtc-straubing.de\/index.php?rest_route=%2Fwp%2Fv2%2Fmedia&parent=21"}],"curies":[{"name":"wp","href":"https:\/\/api.w.org\/{rel}","templated":true}]}}